{"id":26690,"date":"2019-08-27T18:45:56","date_gmt":"2019-08-27T16:45:56","guid":{"rendered":"http:\/\/factumpoint\/?page_id=26690"},"modified":"2022-10-10T10:31:34","modified_gmt":"2022-10-10T15:31:34","slug":"aviso-de-privacidad","status":"publish","type":"page","link":"https:\/\/blueithub.com\/en\/aviso-de-privacidad","title":{"rendered":"Aviso de Privacidad"},"content":{"rendered":"<div class=\"wpb-content-wrapper\"><div class=\"vc_row wpb_row vc_row-fluid\"><div class=\"wpb_column vc_column_container vc_col-sm-12\"><div class=\"vc_column-inner\"><div class=\"wpb_wrapper\"><h2 style=\"text-align: left;font-family:Abril Fatface;font-weight:400;font-style:normal\" class=\"vc_custom_heading\" >Aviso de privacidad<\/h2>\n\t<div class=\"wpb_text_column wpb_content_element\" >\n\t\t<div class=\"wpb_wrapper\">\n\t\t\t<p>En cumplimiento a lo dispuesto en la Ley Federal de Protecci\u00f3n de Datos Personales en Posesi\u00f3n de los Particulares, FACTUM POINT, S.A. DE C.V. (en adelante la \u201cEmpresa\u201d), podr\u00e1 buscar siempre proteger y salvaguardar su informaci\u00f3n para evitar el da\u00f1o, p\u00e9rdida, destrucci\u00f3n, alteraci\u00f3n, as\u00ed como el uso, acceso, y divulgaci\u00f3n no autorizados de sus datos personales. La \u201cEmpresa\u201d, pone a la disposici\u00f3n el presente Aviso de Privacidad a disposici\u00f3n de cualquier persona f\u00edsica (el \u201cTitular\u201d) que otorgue informaci\u00f3n de datos personales a la \u201cEmpresa\u201d. Los datos personales que usted otorgue libre y voluntariamente proporcione a la \u201cEmpresa\u201d\u00a0a trav\u00e9s de nuestras diferentes formas de contacto, podr\u00e1n incluir de manera enunciativa m\u00e1s no limitativa: Informaci\u00f3n personal y\/o laboral general: nombre, tel\u00e9fono, correo electr\u00f3nico, tel\u00e9fono, fecha de nacimiento, as\u00ed nombre de empresa, direcci\u00f3n, tel\u00e9fono, RFC. La \u201cEmpresa\u201d\u00a0se compromete a que sus datos personales no ser\u00e1n transferidos a terceros y que ser\u00e1n tratados bajo las m\u00e1s estrictas medidas de seguridad que garanticen su confidencialidad y que \u00fanicamente ser\u00e1n utilizados para los siguientes fines: &#8211; Informar sobre los servicios y\/o productos provistos por la \u201cEmpresa\u201d\u00a0y\/o proveniente de terceros con los que la \u201cEmpresa\u201d tenga celebrados acuerdos. \u2013 Realizar encuestas: Evaluaci\u00f3n del servicio provisto por La \u201cEmpresa\u201d y\/o proveniente de terceros con los que la \u201cEmpresa\u201d tenga celebrados acuerdos. \u2013 Realizar estudios de mercado con fines publicitarios, mercadotecnia, prospecci\u00f3n comercial y\/o an\u00e1lisis de h\u00e1bitos o patrones de consumo. El consentimiento al tratamiento de los datos personales se entiende otorgado conforme a los t\u00e9rminos del presente Aviso de Privacidad, en los casos en que el\u00a0\u201cTitular\u201d\u00a0no manifieste oposici\u00f3n alguna y\/o tenga o manifieste su intenci\u00f3n de realizar un contrato o acto jur\u00eddico con la \u201cEmpresa\u201d. Trat\u00e1ndose de los terceros cuyos datos personales recopilamos a trav\u00e9s de usted, igualmente tomamos las medidas de seguridad y de confidencialidad para el tratamiento de su informaci\u00f3n, de conformidad con los t\u00e9rminos y condiciones en este Aviso de Privacidad. La \u201cEmpresa\u201d\u00a0podr\u00e1 transmitir informaci\u00f3n a otras filiales o subsidiarias, sin el consentimiento del\u00a0\u201cTitular\u201d, en el entendido que s\u00f3lo se les permitir\u00e1 el acceso a sus datos personales para los mismos fines establecidos en este Aviso de Privacidad. En ning\u00fan caso venderemos informaci\u00f3n personal sobre usted a un tercero sin un consentimiento previo de su parte. Cualquier transferencia de datos personales que la \u201cEmpresa\u201d\u00a0realice, ser\u00e1 \u00fanicamente para los fines permitidos por las leyes. Los datos personales que usted proporcione a la \u201cEmpresa\u201d a trav\u00e9s de cualquiera de sus medios podr\u00e1n compilarse y fijarse en una base de datos propiedad exclusiva de la \u201cEmpresa\u201d. El\u00a0\u201cTitular\u201d\u00a0tiene derecho a limitar el uso de sus datos personales, solicitar a la \u201cEmpresa\u201d\u00a0la informaci\u00f3n que \u00e9sta cuente del mismo, complementar o rectificar la informaci\u00f3n incorrecta y solicitar la cancelaci\u00f3n o restringir la utilizaci\u00f3n de la informaci\u00f3n por parte de la \u201cEmpresa\u201d. Las notificaciones deber\u00e1n realizarse por parte del \u201cTitular\u201d, tomando en cuenta lo siguiente: Presentar documento que acredite la identidad del\u00a0\u201cTitular\u201d\u00a0o en su caso los documentos que acrediten la representaci\u00f3n del mismo, en conjunto con un documento en el que describa de una forma clara y detallada los datos personales de los cuales busca ejercer sus derechos se\u00f1alados anteriormente. Las solicitudes mencionadas en el presente p\u00e1rrafo deber\u00e1n ser presentadas v\u00eda correo electr\u00f3nico a\u00a0<a href=\"mailto:avisoprivacidad@factumpoint.com\"><strong>avisoprivacidad@factumpoint.com<\/strong><\/a>,\u00a0una vez recibida la informaci\u00f3n ser\u00e1 canalizada al departamento respectivo, el cual deber\u00e1 de contestar en un t\u00e9rmino no mayor a veinte d\u00edas a partir de la fecha del env\u00edo de su solicitud. La \u201cEmpresa\u201d\u00a0se reserva el derecho de cambiar este Aviso de Privacidad en cualquier momento. Cualquier cambio que se realice a este Aviso de Privacidad en el futuro estar\u00e1 disponible en nuestras diferentes direcciones electr\u00f3nicas:\u00a0<a href=\"https:\/\/blueithub.com\/en\/\"><strong>www.factumpoint.com<\/strong><\/a>;\u00a0<a href=\"http:\/\/circulotne.com\/\"><strong>www.circulotne.com<\/strong><\/a><\/p>\n<p>&nbsp;<\/p>\n\n\t\t<\/div>\n\t<\/div>\n<\/div><\/div><\/div><\/div><\/div>","protected":false},"excerpt":{"rendered":"Aviso de privacidad En cumplimiento a lo dispuesto en la Ley Federal de Protecci\u00f3n de Datos Personales en Posesi\u00f3n de los Particulares, FACTUM POINT, S.A. DE C.V. (en adelante la \u201cEmpresa\u201d), podr\u00e1 buscar siempre proteger y salvaguardar su informaci\u00f3n para evitar el da\u00f1o, p\u00e9rdida, destrucci\u00f3n, alteraci\u00f3n, as\u00ed como el uso, acceso, y divulgaci\u00f3n no autorizados [...]","protected":false},"author":1,"featured_media":0,"parent":0,"menu_order":0,"comment_status":"closed","ping_status":"closed","template":"","meta":{"footnotes":""},"class_list":["post-26690","page","type-page","status-publish","hentry"],"_links":{"self":[{"href":"https:\/\/blueithub.com\/en\/wp-json\/wp\/v2\/pages\/26690","targetHints":{"allow":["GET"]}}],"collection":[{"href":"https:\/\/blueithub.com\/en\/wp-json\/wp\/v2\/pages"}],"about":[{"href":"https:\/\/blueithub.com\/en\/wp-json\/wp\/v2\/types\/page"}],"author":[{"embeddable":true,"href":"https:\/\/blueithub.com\/en\/wp-json\/wp\/v2\/users\/1"}],"replies":[{"embeddable":true,"href":"https:\/\/blueithub.com\/en\/wp-json\/wp\/v2\/comments?post=26690"}],"version-history":[{"count":4,"href":"https:\/\/blueithub.com\/en\/wp-json\/wp\/v2\/pages\/26690\/revisions"}],"predecessor-version":[{"id":32661,"href":"https:\/\/blueithub.com\/en\/wp-json\/wp\/v2\/pages\/26690\/revisions\/32661"}],"wp:attachment":[{"href":"https:\/\/blueithub.com\/en\/wp-json\/wp\/v2\/media?parent=26690"}],"curies":[{"name":"wp","href":"https:\/\/api.w.org\/{rel}","templated":true}]}}