{"id":26766,"date":"2019-09-04T12:31:24","date_gmt":"2019-09-04T17:31:24","guid":{"rendered":"http:\/\/factumpoint\/?page_id=26766"},"modified":"2022-10-12T07:55:24","modified_gmt":"2022-10-12T12:55:24","slug":"vacantes","status":"publish","type":"page","link":"https:\/\/blueithub.com\/en\/vacantes","title":{"rendered":"Vacantes"},"content":{"rendered":"<div class=\"wpb-content-wrapper\"><div class=\"vc_row wpb_row vc_row-fluid\"><div class=\"wpb_column vc_column_container vc_col-sm-12\"><div class=\"vc_column-inner\"><div class=\"wpb_wrapper\"><h2 style=\"font-size: 35px;text-align: left;font-family:Montserrat;font-weight:700;font-style:normal\" class=\"vc_custom_heading\" >Vacantes<\/h2><\/div><\/div><\/div><\/div><div class=\"vc_row wpb_row vc_row-fluid vc_column-gap-30\"><div class=\"wpb_column vc_column_container vc_col-sm-8\"><div class=\"vc_column-inner\"><div class=\"wpb_wrapper\">\n\t<div  class=\"wpb_single_image wpb_content_element vc_align_center\">\n\t\t\n\t\t<figure class=\"wpb_wrapper vc_figure\">\n\t\t\t<div class=\"vc_single_image-wrapper   vc_box_border_grey\"><img loading=\"lazy\" decoding=\"async\" width=\"1000\" height=\"606\" src=\"https:\/\/blueithub.com\/wp-content\/uploads\/2022\/10\/BOLSA-TRABAJO.jpg\" class=\"vc_single_image-img attachment-full\" alt=\"\" title=\"BOLSA-TRABAJO\" srcset=\"https:\/\/blueithub.com\/wp-content\/uploads\/2022\/10\/BOLSA-TRABAJO.jpg 1000w, https:\/\/blueithub.com\/wp-content\/uploads\/2022\/10\/BOLSA-TRABAJO-300x182.jpg 300w, https:\/\/blueithub.com\/wp-content\/uploads\/2022\/10\/BOLSA-TRABAJO-768x465.jpg 768w\" sizes=\"auto, (max-width: 1000px) 100vw, 1000px\" \/><\/div>\n\t\t<\/figure>\n\t<\/div>\n<\/div><\/div><\/div><div class=\"wpb_column vc_column_container vc_col-sm-4\"><div class=\"vc_column-inner\"><div class=\"wpb_wrapper\">\n\t<div class=\"wpb_text_column wpb_content_element\" >\n\t\t<div class=\"wpb_wrapper\">\n\t\t\t<h3><span style=\"color: #808080;\"><strong>Tu talento, nuestro escenario.<\/strong><\/span><\/h3>\n<p><strong><span style=\"color: #000080;\">\u00bfListo para impulsar t\u00fa vida profesional?<\/span><\/strong><\/p>\n<p>En <strong>Blue it hub<\/strong>, encontrar\u00e1s los recursos claves para tener \u00e9xito. Nuestra presencia \u00a0y cultura colaborativa te generar\u00e1n oportunidades para definir tu futuro profesional. Haznos llegar tu perspectiva \u00fanica, tu curiosidad, tu ingenuidad, tus ganas. Nosotros te daremos la posibilidad de tener impacto a gran escala.<\/p>\n<p>Aporta tu valor, confianza y actitud positiva. Buscamos emprendedores y pensadores innovadores con una mentalidad global preparados para ser los l\u00edderes del futuro. Explora las interesantes oportunidades en <strong>Blue it hub<\/strong>.<\/p>\n<h2><\/h2>\n<h3><\/h3>\n\n\t\t<\/div>\n\t<\/div>\n<div class=\"vc_btn3-container vc_btn3-inline\" ><a class=\"vc_general vc_btn3 vc_btn3-size-md vc_btn3-shape-rounded vc_btn3-style-modern vc_btn3-color-blue\" href=\"mailto:info@blueithub.com\" title=\"\">Env\u00edanos tus datos<\/a><\/div><\/div><\/div><\/div><div class=\"wpb_column vc_column_container vc_col-sm-12\"><div class=\"vc_column-inner\"><div class=\"wpb_wrapper\"><\/div><\/div><\/div><div class=\"wpb_column vc_column_container vc_col-sm-12\"><div class=\"vc_column-inner\"><div class=\"wpb_wrapper\"><\/div><\/div><\/div><\/div>\n<\/div>","protected":false},"excerpt":{"rendered":"Vacantes Tu talento, nuestro escenario. \u00bfListo para impulsar t\u00fa vida profesional? En Blue it hub, encontrar\u00e1s los recursos claves para tener \u00e9xito. Nuestra presencia \u00a0y cultura colaborativa te generar\u00e1n oportunidades para definir tu futuro profesional. Haznos llegar tu perspectiva \u00fanica, tu curiosidad, tu ingenuidad, tus ganas. Nosotros te daremos la posibilidad de tener impacto a [...]","protected":false},"author":1,"featured_media":0,"parent":0,"menu_order":0,"comment_status":"closed","ping_status":"closed","template":"","meta":{"footnotes":""},"class_list":["post-26766","page","type-page","status-publish","hentry"],"_links":{"self":[{"href":"https:\/\/blueithub.com\/en\/wp-json\/wp\/v2\/pages\/26766","targetHints":{"allow":["GET"]}}],"collection":[{"href":"https:\/\/blueithub.com\/en\/wp-json\/wp\/v2\/pages"}],"about":[{"href":"https:\/\/blueithub.com\/en\/wp-json\/wp\/v2\/types\/page"}],"author":[{"embeddable":true,"href":"https:\/\/blueithub.com\/en\/wp-json\/wp\/v2\/users\/1"}],"replies":[{"embeddable":true,"href":"https:\/\/blueithub.com\/en\/wp-json\/wp\/v2\/comments?post=26766"}],"version-history":[{"count":5,"href":"https:\/\/blueithub.com\/en\/wp-json\/wp\/v2\/pages\/26766\/revisions"}],"predecessor-version":[{"id":32691,"href":"https:\/\/blueithub.com\/en\/wp-json\/wp\/v2\/pages\/26766\/revisions\/32691"}],"wp:attachment":[{"href":"https:\/\/blueithub.com\/en\/wp-json\/wp\/v2\/media?parent=26766"}],"curies":[{"name":"wp","href":"https:\/\/api.w.org\/{rel}","templated":true}]}}